{"id":647,"date":"2021-07-14T17:34:04","date_gmt":"2021-07-14T15:34:04","guid":{"rendered":"https:\/\/www.elievincent-naturopathie.com\/?page_id=647"},"modified":"2022-04-12T18:29:12","modified_gmt":"2022-04-12T16:29:12","slug":"les-mentions-legales","status":"publish","type":"page","link":"https:\/\/www.elievincent-naturopathie.com\/?page_id=647","title":{"rendered":"Mentions l\u00e9gales"},"content":{"rendered":"\t\t<div data-elementor-type=\"wp-page\" data-elementor-id=\"647\" class=\"elementor elementor-647\">\n\t\t\t\t\t\t<section class=\"elementor-section elementor-top-section elementor-element elementor-element-41d4aa5b elementor-section-boxed elementor-section-height-default elementor-section-height-default\" data-id=\"41d4aa5b\" data-element_type=\"section\">\n\t\t\t\t\t\t<div class=\"elementor-container elementor-column-gap-default\">\n\t\t\t\t\t<div class=\"elementor-column elementor-col-100 elementor-top-column elementor-element elementor-element-42cb34eb\" data-id=\"42cb34eb\" data-element_type=\"column\">\n\t\t\t<div class=\"elementor-widget-wrap elementor-element-populated\">\n\t\t\t\t\t\t<div class=\"elementor-element elementor-element-02206cd color-r elementor-widget elementor-widget-heading\" data-id=\"02206cd\" data-element_type=\"widget\" data-widget_type=\"heading.default\">\n\t\t\t\t<div class=\"elementor-widget-container\">\n\t\t\t\t\t<h1 class=\"elementor-heading-title elementor-size-default\">La Naturopathie<\/h1>\t\t\t\t<\/div>\n\t\t\t\t<\/div>\n\t\t\t\t<div class=\"elementor-element elementor-element-43a13d2c elementor-widget elementor-widget-text-editor\" data-id=\"43a13d2c\" data-element_type=\"widget\" data-widget_type=\"text-editor.default\">\n\t\t\t\t<div class=\"elementor-widget-container\">\n\t\t\t\t\t\t\t\t\t<p>En vertu de l&rsquo;article 6 de la loi n\u00b0 2004-575 du 21 juin 2004 pour la confiance dans l&rsquo;\u00e9conomie num\u00e9rique, il est pr\u00e9cis\u00e9 aux utilisateurs du site internet <a href=\"https:\/\/www.elievincent-naturopathie.com\">https:\/\/www.elievincent-naturopathie.com<\/a> l&rsquo;identit\u00e9 des diff\u00e9rents intervenants dans le cadre de sa r\u00e9alisation et de son suivi:<\/p>\n<p><strong>Propri\u00e9taire<\/strong> : Micro entreprise Elie VINCENT \u2013 21 chemin de Nancy 54110 REMEREVILLE<br \/><strong>Responsable publication<\/strong> : Elie VINCENT \u2013 <a href=\"mailto:elienaturo@gmail.com\">elienaturo@gmail.com<\/a><br \/>Le responsable publication est une personne physique ou une personne morale.<br \/><strong>Webmaster<\/strong> : S\u00e9bastien COLIN \u2013 <img decoding=\"async\" style=\"height: 15px; width: auto; margin-top: -3px;\" src=\"https:\/\/devolta.fr\/mail\/res\/images\/ml.svg\" \/><br \/><strong>H\u00e9bergeur<\/strong> : Infomaniak \u2013 25 Rue Eug\u00e8ne-Marziano , 1227 Gen\u00e8ve, Suisse<br \/><strong>D\u00e9l\u00e9gu\u00e9 \u00e0 la protection des donn\u00e9es<\/strong> : Elie VINCENT \u2013 <a href=\"mailto:elienaturo@gmail.com\">elienaturo@gmail.com<\/a><\/p>\t\t\t\t\t\t\t\t<\/div>\n\t\t\t\t<\/div>\n\t\t\t\t\t<\/div>\n\t\t<\/div>\n\t\t\t\t\t<\/div>\n\t\t<\/section>\n\t\t\t\t<\/div>\n\t\t","protected":false},"excerpt":{"rendered":"<p>En vertu de l&rsquo;article 6 de la loi n\u00b0 2004-575 du 21 juin 2004 pour la confiance dans l&rsquo;\u00e9conomie num\u00e9rique, il est [&hellip;]<\/p>\n","protected":false},"author":1,"featured_media":0,"parent":0,"menu_order":0,"comment_status":"closed","ping_status":"closed","template":"elementor_header_footer","meta":{"footnotes":""},"class_list":["post-647","page","type-page","status-publish","hentry"],"yoast_head":"<!-- This site is optimized with the Yoast SEO plugin v26.3 - https:\/\/yoast.com\/wordpress\/plugins\/seo\/ -->\n<title>Mentions l\u00e9gales - Elie Vincent<\/title>\n<meta name=\"robots\" content=\"index, follow, max-snippet:-1, max-image-preview:large, max-video-preview:-1\" \/>\n<link rel=\"canonical\" href=\"https:\/\/www.elievincent-naturopathie.com\/?page_id=647\" \/>\n<meta property=\"og:locale\" content=\"fr_FR\" \/>\n<meta property=\"og:type\" content=\"article\" \/>\n<meta property=\"og:title\" content=\"Mentions l\u00e9gales - Elie Vincent\" \/>\n<meta property=\"og:description\" content=\"En vertu de l&rsquo;article 6 de la loi n\u00b0 2004-575 du 21 juin 2004 pour la confiance dans l&rsquo;\u00e9conomie num\u00e9rique, il est [&hellip;]\" \/>\n<meta property=\"og:url\" content=\"https:\/\/www.elievincent-naturopathie.com\/?page_id=647\" \/>\n<meta property=\"og:site_name\" content=\"Elie Vincent\" \/>\n<meta property=\"article:modified_time\" content=\"2022-04-12T16:29:12+00:00\" \/>\n<meta property=\"og:image\" content=\"https:\/\/devolta.fr\/mail\/res\/images\/ml.svg\" \/>\n<meta name=\"twitter:card\" content=\"summary_large_image\" \/>\n<meta name=\"twitter:label1\" content=\"Dur\u00e9e de lecture estim\u00e9e\" \/>\n\t<meta name=\"twitter:data1\" content=\"1 minute\" \/>\n<script type=\"application\/ld+json\" class=\"yoast-schema-graph\">{\"@context\":\"https:\/\/schema.org\",\"@graph\":[{\"@type\":\"WebPage\",\"@id\":\"https:\/\/www.elievincent-naturopathie.com\/?page_id=647\",\"url\":\"https:\/\/www.elievincent-naturopathie.com\/?page_id=647\",\"name\":\"Mentions l\u00e9gales - Elie Vincent\",\"isPartOf\":{\"@id\":\"https:\/\/www.elievincent-naturopathie.com\/#website\"},\"primaryImageOfPage\":{\"@id\":\"https:\/\/www.elievincent-naturopathie.com\/?page_id=647#primaryimage\"},\"image\":{\"@id\":\"https:\/\/www.elievincent-naturopathie.com\/?page_id=647#primaryimage\"},\"thumbnailUrl\":\"https:\/\/devolta.fr\/mail\/res\/images\/ml.svg\",\"datePublished\":\"2021-07-14T15:34:04+00:00\",\"dateModified\":\"2022-04-12T16:29:12+00:00\",\"breadcrumb\":{\"@id\":\"https:\/\/www.elievincent-naturopathie.com\/?page_id=647#breadcrumb\"},\"inLanguage\":\"fr-FR\",\"potentialAction\":[{\"@type\":\"ReadAction\",\"target\":[\"https:\/\/www.elievincent-naturopathie.com\/?page_id=647\"]}]},{\"@type\":\"ImageObject\",\"inLanguage\":\"fr-FR\",\"@id\":\"https:\/\/www.elievincent-naturopathie.com\/?page_id=647#primaryimage\",\"url\":\"https:\/\/devolta.fr\/mail\/res\/images\/ml.svg\",\"contentUrl\":\"https:\/\/devolta.fr\/mail\/res\/images\/ml.svg\"},{\"@type\":\"BreadcrumbList\",\"@id\":\"https:\/\/www.elievincent-naturopathie.com\/?page_id=647#breadcrumb\",\"itemListElement\":[{\"@type\":\"ListItem\",\"position\":1,\"name\":\"Accueil\",\"item\":\"https:\/\/www.elievincent-naturopathie.com\/\"},{\"@type\":\"ListItem\",\"position\":2,\"name\":\"Mentions l\u00e9gales\"}]},{\"@type\":\"WebSite\",\"@id\":\"https:\/\/www.elievincent-naturopathie.com\/#website\",\"url\":\"https:\/\/www.elievincent-naturopathie.com\/\",\"name\":\"Elie Vincent\",\"description\":\"Naturopathie &amp; Coaching \u00c9motionnel \u00e0 Nancy\",\"publisher\":{\"@id\":\"https:\/\/www.elievincent-naturopathie.com\/#organization\"},\"potentialAction\":[{\"@type\":\"SearchAction\",\"target\":{\"@type\":\"EntryPoint\",\"urlTemplate\":\"https:\/\/www.elievincent-naturopathie.com\/?s={search_term_string}\"},\"query-input\":{\"@type\":\"PropertyValueSpecification\",\"valueRequired\":true,\"valueName\":\"search_term_string\"}}],\"inLanguage\":\"fr-FR\"},{\"@type\":\"Organization\",\"@id\":\"https:\/\/www.elievincent-naturopathie.com\/#organization\",\"name\":\"Elie Vincent\",\"url\":\"https:\/\/www.elievincent-naturopathie.com\/\",\"logo\":{\"@type\":\"ImageObject\",\"inLanguage\":\"fr-FR\",\"@id\":\"https:\/\/www.elievincent-naturopathie.com\/#\/schema\/logo\/image\/\",\"url\":\"https:\/\/www.elievincent-naturopathie.com\/wp-content\/uploads\/2021\/06\/logo-Elie-Vincent.png\",\"contentUrl\":\"https:\/\/www.elievincent-naturopathie.com\/wp-content\/uploads\/2021\/06\/logo-Elie-Vincent.png\",\"width\":1067,\"height\":234,\"caption\":\"Elie Vincent\"},\"image\":{\"@id\":\"https:\/\/www.elievincent-naturopathie.com\/#\/schema\/logo\/image\/\"}}]}<\/script>\n<!-- \/ Yoast SEO plugin. -->","yoast_head_json":{"title":"Mentions l\u00e9gales - Elie Vincent","robots":{"index":"index","follow":"follow","max-snippet":"max-snippet:-1","max-image-preview":"max-image-preview:large","max-video-preview":"max-video-preview:-1"},"canonical":"https:\/\/www.elievincent-naturopathie.com\/?page_id=647","og_locale":"fr_FR","og_type":"article","og_title":"Mentions l\u00e9gales - Elie Vincent","og_description":"En vertu de l&rsquo;article 6 de la loi n\u00b0 2004-575 du 21 juin 2004 pour la confiance dans l&rsquo;\u00e9conomie num\u00e9rique, il est [&hellip;]","og_url":"https:\/\/www.elievincent-naturopathie.com\/?page_id=647","og_site_name":"Elie Vincent","article_modified_time":"2022-04-12T16:29:12+00:00","og_image":[{"url":"https:\/\/devolta.fr\/mail\/res\/images\/ml.svg","type":"","width":"","height":""}],"twitter_card":"summary_large_image","twitter_misc":{"Dur\u00e9e de lecture estim\u00e9e":"1 minute"},"schema":{"@context":"https:\/\/schema.org","@graph":[{"@type":"WebPage","@id":"https:\/\/www.elievincent-naturopathie.com\/?page_id=647","url":"https:\/\/www.elievincent-naturopathie.com\/?page_id=647","name":"Mentions l\u00e9gales - Elie Vincent","isPartOf":{"@id":"https:\/\/www.elievincent-naturopathie.com\/#website"},"primaryImageOfPage":{"@id":"https:\/\/www.elievincent-naturopathie.com\/?page_id=647#primaryimage"},"image":{"@id":"https:\/\/www.elievincent-naturopathie.com\/?page_id=647#primaryimage"},"thumbnailUrl":"https:\/\/devolta.fr\/mail\/res\/images\/ml.svg","datePublished":"2021-07-14T15:34:04+00:00","dateModified":"2022-04-12T16:29:12+00:00","breadcrumb":{"@id":"https:\/\/www.elievincent-naturopathie.com\/?page_id=647#breadcrumb"},"inLanguage":"fr-FR","potentialAction":[{"@type":"ReadAction","target":["https:\/\/www.elievincent-naturopathie.com\/?page_id=647"]}]},{"@type":"ImageObject","inLanguage":"fr-FR","@id":"https:\/\/www.elievincent-naturopathie.com\/?page_id=647#primaryimage","url":"https:\/\/devolta.fr\/mail\/res\/images\/ml.svg","contentUrl":"https:\/\/devolta.fr\/mail\/res\/images\/ml.svg"},{"@type":"BreadcrumbList","@id":"https:\/\/www.elievincent-naturopathie.com\/?page_id=647#breadcrumb","itemListElement":[{"@type":"ListItem","position":1,"name":"Accueil","item":"https:\/\/www.elievincent-naturopathie.com\/"},{"@type":"ListItem","position":2,"name":"Mentions l\u00e9gales"}]},{"@type":"WebSite","@id":"https:\/\/www.elievincent-naturopathie.com\/#website","url":"https:\/\/www.elievincent-naturopathie.com\/","name":"Elie Vincent","description":"Naturopathie &amp; Coaching \u00c9motionnel \u00e0 Nancy","publisher":{"@id":"https:\/\/www.elievincent-naturopathie.com\/#organization"},"potentialAction":[{"@type":"SearchAction","target":{"@type":"EntryPoint","urlTemplate":"https:\/\/www.elievincent-naturopathie.com\/?s={search_term_string}"},"query-input":{"@type":"PropertyValueSpecification","valueRequired":true,"valueName":"search_term_string"}}],"inLanguage":"fr-FR"},{"@type":"Organization","@id":"https:\/\/www.elievincent-naturopathie.com\/#organization","name":"Elie Vincent","url":"https:\/\/www.elievincent-naturopathie.com\/","logo":{"@type":"ImageObject","inLanguage":"fr-FR","@id":"https:\/\/www.elievincent-naturopathie.com\/#\/schema\/logo\/image\/","url":"https:\/\/www.elievincent-naturopathie.com\/wp-content\/uploads\/2021\/06\/logo-Elie-Vincent.png","contentUrl":"https:\/\/www.elievincent-naturopathie.com\/wp-content\/uploads\/2021\/06\/logo-Elie-Vincent.png","width":1067,"height":234,"caption":"Elie Vincent"},"image":{"@id":"https:\/\/www.elievincent-naturopathie.com\/#\/schema\/logo\/image\/"}}]}},"_hostinger_reach_plugin_has_subscription_block":false,"_hostinger_reach_plugin_is_elementor":false,"_links":{"self":[{"href":"https:\/\/www.elievincent-naturopathie.com\/index.php?rest_route=\/wp\/v2\/pages\/647","targetHints":{"allow":["GET"]}}],"collection":[{"href":"https:\/\/www.elievincent-naturopathie.com\/index.php?rest_route=\/wp\/v2\/pages"}],"about":[{"href":"https:\/\/www.elievincent-naturopathie.com\/index.php?rest_route=\/wp\/v2\/types\/page"}],"author":[{"embeddable":true,"href":"https:\/\/www.elievincent-naturopathie.com\/index.php?rest_route=\/wp\/v2\/users\/1"}],"replies":[{"embeddable":true,"href":"https:\/\/www.elievincent-naturopathie.com\/index.php?rest_route=%2Fwp%2Fv2%2Fcomments&post=647"}],"version-history":[{"count":0,"href":"https:\/\/www.elievincent-naturopathie.com\/index.php?rest_route=\/wp\/v2\/pages\/647\/revisions"}],"wp:attachment":[{"href":"https:\/\/www.elievincent-naturopathie.com\/index.php?rest_route=%2Fwp%2Fv2%2Fmedia&parent=647"}],"curies":[{"name":"wp","href":"https:\/\/api.w.org\/{rel}","templated":true}]}}